{"id":3706,"date":"2022-12-20T20:01:53","date_gmt":"2022-12-20T20:01:53","guid":{"rendered":"http:\/\/ibericacoast.com\/?page_id=3706"},"modified":"2026-03-11T13:43:40","modified_gmt":"2026-03-11T13:43:40","slug":"valore-tu-propiedad","status":"publish","type":"page","link":"https:\/\/ibericacoast.com\/en\/valore-tu-propiedad\/","title":{"rendered":"Value Your property"},"content":{"rendered":"<section class=\"wpb-content-wrapper\"><div class=\"vc_row wpb_row vc_row-fluid\"><div class=\"wpb_column vc_column_container vc_col-sm-12\"><div class=\"vc_column-inner\"><div class=\"wpb_wrapper\"><h2 style=\"text-align: center;font-family:Abril Fatface;font-weight:400;font-style:normal\" class=\"vc_custom_heading\" >Publish your property with Us<\/h2><\/div><\/div><\/div><\/div><div class=\"vc_row wpb_row vc_row-fluid\"><div class=\"wpb_column vc_column_container vc_col-sm-12\"><div class=\"vc_column-inner\"><div class=\"wpb_wrapper\">\n<div class=\"wpcf7 no-js\" id=\"wpcf7-f2694-o1\" lang=\"pl-PL\" dir=\"ltr\" data-wpcf7-id=\"2694\">\n<div class=\"screen-reader-response\"><p role=\"status\" aria-live=\"polite\" aria-atomic=\"true\"><\/p> <ul><\/ul><\/div>\n<form action=\"\/en\/wp-json\/wp\/v2\/pages\/3706#wpcf7-f2694-o1\" method=\"post\" class=\"wpcf7-form init\" aria-label=\"Contact form\" enctype=\"multipart\/form-data\" novalidate=\"novalidate\" data-status=\"init\" data-trp-original-action=\"\/en\/wp-json\/wp\/v2\/pages\/3706#wpcf7-f2694-o1\">\n<fieldset class=\"hidden-fields-container\"><input type=\"hidden\" name=\"_wpcf7\" value=\"2694\" \/><input type=\"hidden\" name=\"_wpcf7_version\" value=\"6.1.5\" \/><input type=\"hidden\" name=\"_wpcf7_locale\" value=\"pl_PL\" \/><input type=\"hidden\" name=\"_wpcf7_unit_tag\" value=\"wpcf7-f2694-o1\" \/><input type=\"hidden\" name=\"_wpcf7_container_post\" value=\"0\" \/><input type=\"hidden\" name=\"_wpcf7_posted_data_hash\" value=\"\" \/>\n<\/fieldset>\n<div class=\"iberica-form\">\n\n <!-- HEADER -->\n\t<div class=\"iberica-header\">\n\t\t<h2>Vende tu propiedad con nosotros\n\t\t<\/h2>\n\t\t<p>Rellena el formulario y te contactaremos en menos de 24 horas para una valoraci\u00f3n gratuita sin compromiso.\n\t\t<\/p>\n\t<\/div>\n\t<div class=\"iberica-body\">\n\n <!-- SECCI\u00d3N 1: DATOS DE LA PROPIEDAD -->\n\t\t<h3 class=\"section-title\">1. Datos de la Propiedad\n\t\t<\/h3>\n\t\t<div class=\"form-group\">\n\t\t\t<p><label>Address <span class=\"req\">*<\/span><\/label><br \/>\n<span class=\"wpcf7-form-control-wrap\" data-name=\"address\"><input size=\"40\" maxlength=\"400\" class=\"wpcf7-form-control wpcf7-text wpcf7-validates-as-required form-control\" aria-required=\"true\" aria-invalid=\"false\" placeholder=\"Calle, n\u00famero, piso...\" value=\"\" type=\"text\" name=\"address\" \/><\/span>\n\t\t\t<\/p>\n\t\t<\/div>\n\t\t<div class=\"form-grid-2\">\n\t\t\t<div class=\"form-group\">\n\t\t\t\t<p><label>City <span class=\"req\">*<\/span><\/label><br \/>\n<span class=\"wpcf7-form-control-wrap\" data-name=\"city\"><input size=\"40\" maxlength=\"400\" class=\"wpcf7-form-control wpcf7-text wpcf7-validates-as-required form-control\" aria-required=\"true\" aria-invalid=\"false\" placeholder=\"ej. Torrevieja\" value=\"\" type=\"text\" name=\"city\" \/><\/span>\n\t\t\t\t<\/p>\n\t\t\t<\/div>\n\t\t\t<div class=\"form-group\">\n\t\t\t\t<p><label>County<\/label><br \/>\n<span class=\"wpcf7-form-control-wrap\" data-name=\"state\"><input size=\"40\" maxlength=\"400\" class=\"wpcf7-form-control wpcf7-text form-control\" aria-invalid=\"false\" placeholder=\"ej. Alicante\" value=\"\" type=\"text\" name=\"state\" \/><\/span>\n\t\t\t\t<\/p>\n\t\t\t<\/div>\n\t\t<\/div>\n\t\t<div class=\"form-grid-2\">\n\t\t\t<div class=\"form-group\">\n\t\t\t\t<p><label>Post code<\/label><br \/>\n<span class=\"wpcf7-form-control-wrap\" data-name=\"zipcode\"><input size=\"40\" maxlength=\"400\" class=\"wpcf7-form-control wpcf7-text form-control\" aria-invalid=\"false\" placeholder=\"ej. 03180\" value=\"\" type=\"text\" name=\"zipcode\" \/><\/span>\n\t\t\t\t<\/p>\n\t\t\t<\/div>\n\t\t\t<div class=\"form-group\">\n\t\t\t\t<p><label>A\u00f1o de construcci\u00f3n<\/label><br \/>\n<span class=\"wpcf7-form-control-wrap\" data-name=\"year-built\"><input size=\"40\" maxlength=\"400\" class=\"wpcf7-form-control wpcf7-text form-control\" aria-invalid=\"false\" placeholder=\"ej. 2005\" value=\"\" type=\"text\" name=\"year-built\" \/><\/span>\n\t\t\t\t<\/p>\n\t\t\t<\/div>\n\t\t<\/div>\n\n <!-- SECCI\u00d3N 2: CARACTER\u00cdSTICAS -->\n\t\t<h3 class=\"section-title\">2. Caracter\u00edsticas del Inmueble\n\t\t<\/h3>\n\t\t<div class=\"form-grid-2\">\n\t\t\t<div class=\"form-group\">\n\t\t\t\t<p><label>Property type <span class=\"req\">*<\/span><\/label><br \/>\n<span class=\"wpcf7-form-control-wrap\" data-name=\"tipodePropiedad\"><select class=\"wpcf7-form-control wpcf7-select wpcf7-validates-as-required form-control\" aria-required=\"true\" aria-invalid=\"false\" name=\"tipodePropiedad\"><option value=\"\">Selecciona tipo...<\/option><option value=\"Apartamento\">Apartment<\/option><option value=\"Casa\/Villa\">Casa\/Villa<\/option><option value=\"\u00c1tico\">Penthouse<\/option><option value=\"Adosado\">Terraced House<\/option><option value=\"Casa de pueblo\">Casa de pueblo<\/option><option value=\"Parcela\">Plot<\/option><\/select><\/span>\n\t\t\t\t<\/p>\n\t\t\t<\/div>\n\t\t\t<div class=\"form-group\">\n\t\t\t\t<p><label>Superficie (m\u00b2) <span class=\"req\">*<\/span><\/label><br \/>\n<span class=\"wpcf7-form-control-wrap\" data-name=\"approx-size\"><input size=\"40\" maxlength=\"400\" class=\"wpcf7-form-control wpcf7-text wpcf7-validates-as-required form-control\" aria-required=\"true\" aria-invalid=\"false\" placeholder=\"ej. 85\" value=\"\" type=\"text\" name=\"approx-size\" \/><\/span>\n\t\t\t\t<\/p>\n\t\t\t<\/div>\n\t\t<\/div>\n\t\t<div class=\"form-group\" style=\"background: #f0f4f8; padding: 15px; border-radius: 6px; border-left: 3px solid #d9a441;\">\n\t\t\t<p><label class=\"bold-label\">Estado de la propiedad <span class=\"req\">*<\/span><\/label>\n\t\t\t<\/p>\n\t\t\t<div class=\"checkbox-grid three-cols\">\n\t\t\t\t<p><span class=\"wpcf7-form-control-wrap\" data-name=\"radio-160\"><span class=\"wpcf7-form-control wpcf7-radio\"><span class=\"wpcf7-list-item first\"><label><input type=\"radio\" name=\"radio-160\" value=\"Excelente\" checked=\"checked\" \/><span class=\"wpcf7-list-item-label\">Excellent<\/span><\/label><\/span><span class=\"wpcf7-list-item\"><label><input type=\"radio\" name=\"radio-160\" value=\"Buen estado\" \/><span class=\"wpcf7-list-item-label\">Buen estado<\/span><\/label><\/span><span class=\"wpcf7-list-item last\"><label><input type=\"radio\" name=\"radio-160\" value=\"Necesita reformas\" \/><span class=\"wpcf7-list-item-label\">Needs renovations<\/span><\/label><\/span><\/span><\/span>\n\t\t\t\t<\/p>\n\t\t\t<\/div>\n\t\t<\/div>\n\t\t<div class=\"form-grid-2\">\n\t\t\t<div class=\"form-group\">\n\t\t\t\t<p><label>Beds<\/label>\n\t\t\t\t<\/p>\n\t\t\t\t<div style=\"margin-top: 8px;\">\n\t\t\t\t\t<p><span class=\"wpcf7-form-control-wrap\" data-name=\"radio-161\"><span class=\"wpcf7-form-control wpcf7-radio\"><span class=\"wpcf7-list-item first\"><label><input type=\"radio\" name=\"radio-161\" value=\"1\" checked=\"checked\" \/><span class=\"wpcf7-list-item-label\">1<\/span><\/label><\/span><span class=\"wpcf7-list-item\"><label><input type=\"radio\" name=\"radio-161\" value=\"2\" \/><span class=\"wpcf7-list-item-label\">2<\/span><\/label><\/span><span class=\"wpcf7-list-item\"><label><input type=\"radio\" name=\"radio-161\" value=\"3\" \/><span class=\"wpcf7-list-item-label\">3<\/span><\/label><\/span><span class=\"wpcf7-list-item\"><label><input type=\"radio\" name=\"radio-161\" value=\"4\" \/><span class=\"wpcf7-list-item-label\">4<\/span><\/label><\/span><span class=\"wpcf7-list-item last\"><label><input type=\"radio\" name=\"radio-161\" value=\"5+\" \/><span class=\"wpcf7-list-item-label\">5+<\/span><\/label><\/span><\/span><\/span>\n\t\t\t\t\t<\/p>\n\t\t\t\t<\/div>\n\t\t\t<\/div>\n\t\t\t<div class=\"form-group\">\n\t\t\t\t<p><label>Baths<\/label>\n\t\t\t\t<\/p>\n\t\t\t\t<div style=\"margin-top: 8px;\">\n\t\t\t\t\t<p><span class=\"wpcf7-form-control-wrap\" data-name=\"radio-162\"><span class=\"wpcf7-form-control wpcf7-radio\"><span class=\"wpcf7-list-item first\"><label><input type=\"radio\" name=\"radio-162\" value=\"1\" checked=\"checked\" \/><span class=\"wpcf7-list-item-label\">1<\/span><\/label><\/span><span class=\"wpcf7-list-item\"><label><input type=\"radio\" name=\"radio-162\" value=\"2\" \/><span class=\"wpcf7-list-item-label\">2<\/span><\/label><\/span><span class=\"wpcf7-list-item\"><label><input type=\"radio\" name=\"radio-162\" value=\"3\" \/><span class=\"wpcf7-list-item-label\">3<\/span><\/label><\/span><span class=\"wpcf7-list-item\"><label><input type=\"radio\" name=\"radio-162\" value=\"4\" \/><span class=\"wpcf7-list-item-label\">4<\/span><\/label><\/span><span class=\"wpcf7-list-item last\"><label><input type=\"radio\" name=\"radio-162\" value=\"5+\" \/><span class=\"wpcf7-list-item-label\">5+<\/span><\/label><\/span><\/span><\/span>\n\t\t\t\t\t<\/p>\n\t\t\t\t<\/div>\n\t\t\t<\/div>\n\t\t<\/div>\n\t\t<div class=\"form-grid-2\">\n\t\t\t<div class=\"form-group\">\n\t\t\t\t<p><label>Antig\u00fcedad de la cocina (a\u00f1os)<\/label><br \/>\n<span class=\"wpcf7-form-control-wrap\" data-name=\"approx-agekitchen\"><input size=\"40\" maxlength=\"400\" class=\"wpcf7-form-control wpcf7-text form-control\" aria-invalid=\"false\" placeholder=\"ej. 5\" value=\"\" type=\"text\" name=\"approx-agekitchen\" \/><\/span>\n\t\t\t\t<\/p>\n\t\t\t<\/div>\n\t\t\t<div class=\"form-group\">\n\t\t\t\t<p><label>Antig\u00fcedad de los ba\u00f1os (a\u00f1os)<\/label><br \/>\n<span class=\"wpcf7-form-control-wrap\" data-name=\"approx-agebaths\"><input size=\"40\" maxlength=\"400\" class=\"wpcf7-form-control wpcf7-text form-control\" aria-invalid=\"false\" placeholder=\"ej. 3\" value=\"\" type=\"text\" name=\"approx-agebaths\" \/><\/span>\n\t\t\t\t<\/p>\n\t\t\t<\/div>\n\t\t<\/div>\n\t\t<div class=\"form-group bg-light\">\n\t\t\t<p><label class=\"bold-label\">Extras y equipamiento<\/label>\n\t\t\t<\/p>\n\t\t\t<div class=\"checkbox-grid\">\n\t\t\t\t<p><span class=\"wpcf7-form-control-wrap\" data-name=\"amenities-sell\"><span class=\"wpcf7-form-control wpcf7-checkbox\"><span class=\"wpcf7-list-item first\"><label><input type=\"checkbox\" name=\"amenities-sell[]\" value=\"Terraza\/Balc\u00f3n\" \/><span class=\"wpcf7-list-item-label\">Terraza\/Balc\u00f3n<\/span><\/label><\/span><span class=\"wpcf7-list-item\"><label><input type=\"checkbox\" name=\"amenities-sell[]\" value=\"Jard\u00edn privado\" \/><span class=\"wpcf7-list-item-label\">Jard\u00edn privado<\/span><\/label><\/span><span class=\"wpcf7-list-item\"><label><input type=\"checkbox\" name=\"amenities-sell[]\" value=\"Piscina privada\" \/><span class=\"wpcf7-list-item-label\">Piscina privada<\/span><\/label><\/span><span class=\"wpcf7-list-item\"><label><input type=\"checkbox\" name=\"amenities-sell[]\" value=\"Piscina comunitaria\" \/><span class=\"wpcf7-list-item-label\">Piscina comunitaria<\/span><\/label><\/span><span class=\"wpcf7-list-item\"><label><input type=\"checkbox\" name=\"amenities-sell[]\" value=\"Parking\/Garaje\" \/><span class=\"wpcf7-list-item-label\">Parking\/Garaje<\/span><\/label><\/span><span class=\"wpcf7-list-item\"><label><input type=\"checkbox\" name=\"amenities-sell[]\" value=\"Trastero\" \/><span class=\"wpcf7-list-item-label\">Trastero<\/span><\/label><\/span><span class=\"wpcf7-list-item\"><label><input type=\"checkbox\" name=\"amenities-sell[]\" value=\"Vistas al mar\" \/><span class=\"wpcf7-list-item-label\">Vistas al mar<\/span><\/label><\/span><span class=\"wpcf7-list-item last\"><label><input type=\"checkbox\" name=\"amenities-sell[]\" value=\"Aire acondicionado\" \/><span class=\"wpcf7-list-item-label\">Aire acondicionado<\/span><\/label><\/span><\/span><\/span>\n\t\t\t\t<\/p>\n\t\t\t<\/div>\n\t\t<\/div>\n\t\t<div class=\"form-group\">\n\t\t\t<p><label>Descripci\u00f3n de la propiedad<\/label><br \/>\n<span class=\"wpcf7-form-control-wrap\" data-name=\"textarea-67\"><textarea cols=\"40\" rows=\"4\" maxlength=\"2000\" class=\"wpcf7-form-control wpcf7-textarea form-control\" aria-invalid=\"false\" placeholder=\"Describa las caracter\u00edsticas especiales, reformas recientes, orientaci\u00f3n, vistas, etc.\" name=\"textarea-67\"><\/textarea><\/span>\n\t\t\t<\/p>\n\t\t<\/div>\n\n <!-- SECCI\u00d3N 3: PRECIO Y DISPONIBILIDAD -->\n\t\t<h3 class=\"section-title\">3. Precio y Disponibilidad\n\t\t<\/h3>\n\t\t<div class=\"form-grid-2\">\n\t\t\t<div class=\"form-group\">\n\t\t\t\t<p><label>Precio esperado (EUR)<\/label><br \/>\n<span class=\"wpcf7-form-control-wrap\" data-name=\"asking-price\"><select class=\"wpcf7-form-control wpcf7-select form-control\" aria-invalid=\"false\" name=\"asking-price\"><option value=\"\">Selecciona un rango...<\/option><option value=\"Hasta 100.000\">Hasta 100.000<\/option><option value=\"100.000 - 200.000\">100.000 - 200.000<\/option><option value=\"200.000 - 300.000\">200.000 - 300.000<\/option><option value=\"300.000 - 500.000\">300.000 - 500.000<\/option><option value=\"M\u00e1s de 500.000\">M\u00e1s de 500.000<\/option><option value=\"Prefiero que me asesoren\">Prefiero que me asesoren<\/option><\/select><\/span>\n\t\t\t\t<\/p>\n\t\t\t<\/div>\n\t\t\t<div class=\"form-group\">\n\t\t\t\t<p><label>Disponibilidad para visitas<\/label><br \/>\n<span class=\"wpcf7-form-control-wrap\" data-name=\"availability\"><select class=\"wpcf7-form-control wpcf7-select form-control\" aria-invalid=\"false\" name=\"availability\"><option value=\"\">Selecciona...<\/option><option value=\"Inmediata\">Inmediata<\/option><option value=\"En 1-3 meses\">En 1-3 meses<\/option><option value=\"En m\u00e1s de 3 meses\">En m\u00e1s de 3 meses<\/option><option value=\"A convenir\">A convenir<\/option><\/select><\/span>\n\t\t\t\t<\/p>\n\t\t\t<\/div>\n\t\t<\/div>\n\t\t<div class=\"form-group\" style=\"background: #f0f4f8; padding: 15px; border-radius: 6px; border-left: 3px solid #d9a441;\">\n\t\t\t<p><label class=\"bold-label\">Objetivo <span class=\"req\">*<\/span><\/label>\n\t\t\t<\/p>\n\t\t\t<div class=\"checkbox-grid three-cols\">\n\t\t\t\t<p><span class=\"wpcf7-form-control-wrap\" data-name=\"radio-761\"><span class=\"wpcf7-form-control wpcf7-radio\"><span class=\"wpcf7-list-item first\"><label><input type=\"radio\" name=\"radio-761\" value=\"Venta\" checked=\"checked\" \/><span class=\"wpcf7-list-item-label\">For Sale<\/span><\/label><\/span><span class=\"wpcf7-list-item\"><label><input type=\"radio\" name=\"radio-761\" value=\"Alquiler\" \/><span class=\"wpcf7-list-item-label\">For Rent<\/span><\/label><\/span><span class=\"wpcf7-list-item last\"><label><input type=\"radio\" name=\"radio-761\" value=\"Venta o Alquiler\" \/><span class=\"wpcf7-list-item-label\">Venta o Alquiler<\/span><\/label><\/span><\/span><\/span>\n\t\t\t\t<\/p>\n\t\t\t<\/div>\n\t\t<\/div>\n\t\t<div class=\"form-grid-2\">\n\t\t\t<div class=\"form-group\">\n\t\t\t\t<p><label style=\"margin-bottom: 10px; display:block;\">\u00bfTiene hipoteca pendiente?<\/label><br \/>\n<span class=\"wpcf7-form-control-wrap\" data-name=\"mortgage\"><span class=\"wpcf7-form-control wpcf7-radio\"><span class=\"wpcf7-list-item first\"><label><input type=\"radio\" name=\"mortgage\" value=\"S\u00ed\" \/><span class=\"wpcf7-list-item-label\">S\u00ed<\/span><\/label><\/span><span class=\"wpcf7-list-item last\"><label><input type=\"radio\" name=\"mortgage\" value=\"No\" checked=\"checked\" \/><span class=\"wpcf7-list-item-label\">No<\/span><\/label><\/span><\/span><\/span>\n\t\t\t\t<\/p>\n\t\t\t<\/div>\n\t\t\t<div class=\"form-group\">\n\t\t\t\t<p><label style=\"margin-bottom: 10px; display:block;\">\u00bfTrabaja ya con otra agencia?<\/label><br \/>\n<span class=\"wpcf7-form-control-wrap\" data-name=\"other-agency\"><span class=\"wpcf7-form-control wpcf7-radio\"><span class=\"wpcf7-list-item first\"><label><input type=\"radio\" name=\"other-agency\" value=\"S\u00ed\" \/><span class=\"wpcf7-list-item-label\">S\u00ed<\/span><\/label><\/span><span class=\"wpcf7-list-item last\"><label><input type=\"radio\" name=\"other-agency\" value=\"No\" checked=\"checked\" \/><span class=\"wpcf7-list-item-label\">No<\/span><\/label><\/span><\/span><\/span>\n\t\t\t\t<\/p>\n\t\t\t<\/div>\n\t\t<\/div>\n\n <!-- SECCI\u00d3N 4: DATOS PERSONALES -->\n\t\t<h3 class=\"section-title\">4. Datos Personales\n\t\t<\/h3>\n\t\t<div class=\"form-grid-2\">\n\t\t\t<div class=\"form-group\">\n\t\t\t\t<p><label>Nombre y apellidos <span class=\"req\">*<\/span><\/label><br \/>\n<span class=\"wpcf7-form-control-wrap\" data-name=\"your-name\"><input size=\"40\" maxlength=\"400\" class=\"wpcf7-form-control wpcf7-text wpcf7-validates-as-required form-control\" aria-required=\"true\" aria-invalid=\"false\" placeholder=\"ej. Juan Garc\u00eda\" value=\"\" type=\"text\" name=\"your-name\" \/><\/span>\n\t\t\t\t<\/p>\n\t\t\t<\/div>\n\t\t\t<div class=\"form-group\">\n\t\t\t\t<p><label>Correo electr\u00f3nico <span class=\"req\">*<\/span><\/label><br \/>\n<span class=\"wpcf7-form-control-wrap\" data-name=\"your-email\"><input size=\"40\" maxlength=\"400\" class=\"wpcf7-form-control wpcf7-email wpcf7-validates-as-required wpcf7-text wpcf7-validates-as-email form-control\" aria-required=\"true\" aria-invalid=\"false\" placeholder=\"juan@ejemplo.es\" value=\"\" type=\"email\" name=\"your-email\" \/><\/span>\n\t\t\t\t<\/p>\n\t\t\t<\/div>\n\t\t<\/div>\n\t\t<div class=\"form-group\">\n\t\t\t<p><label>Tel\u00e9fono (con prefijo) <span class=\"req\">*<\/span><\/label><br \/>\n<span class=\"wpcf7-form-control-wrap\" data-name=\"tel-230\"><input size=\"40\" maxlength=\"400\" class=\"wpcf7-form-control wpcf7-tel wpcf7-validates-as-required wpcf7-text wpcf7-validates-as-tel form-control\" aria-required=\"true\" aria-invalid=\"false\" placeholder=\"+34 ...\" value=\"\" type=\"tel\" name=\"tel-230\" \/><\/span>\n\t\t\t<\/p>\n\t\t<\/div>\n\n <!-- SECCI\u00d3N 5: FOTOS -->\n\t\t<h3 class=\"section-title\">5. Fotos de la Propiedad\n\t\t<\/h3>\n\t\t<div class=\"form-group\">\n\t\t\t<p><label>Adjunta fotos (m\u00e1x. 5 archivos, 2MB cada uno)<\/label>\n\t\t\t<\/p>\n\t\t\t<div style=\"display: flex; gap: 10px; flex-wrap: wrap; margin-top: 8px;\">\n\t\t\t\t<p><span class=\"wpcf7-form-control-wrap\" data-name=\"file-1\"><input size=\"40\" class=\"wpcf7-form-control wpcf7-file\" accept=\"audio\/*,video\/*,image\/*\" aria-invalid=\"false\" type=\"file\" name=\"file-1\" \/><\/span><br \/>\n<span class=\"wpcf7-form-control-wrap\" data-name=\"file-2\"><input size=\"40\" class=\"wpcf7-form-control wpcf7-file\" accept=\"audio\/*,video\/*,image\/*\" aria-invalid=\"false\" type=\"file\" name=\"file-2\" \/><\/span><br \/>\n<span class=\"wpcf7-form-control-wrap\" data-name=\"file-3\"><input size=\"40\" class=\"wpcf7-form-control wpcf7-file\" accept=\"audio\/*,video\/*,image\/*\" aria-invalid=\"false\" type=\"file\" name=\"file-3\" \/><\/span><br \/>\n<span class=\"wpcf7-form-control-wrap\" data-name=\"file-4\"><input size=\"40\" class=\"wpcf7-form-control wpcf7-file\" accept=\"audio\/*,video\/*,image\/*\" aria-invalid=\"false\" type=\"file\" name=\"file-4\" \/><\/span><br \/>\n<span class=\"wpcf7-form-control-wrap\" data-name=\"file-5\"><input size=\"40\" class=\"wpcf7-form-control wpcf7-file\" accept=\"audio\/*,video\/*,image\/*\" aria-invalid=\"false\" type=\"file\" name=\"file-5\" \/><\/span>\n\t\t\t\t<\/p>\n\t\t\t<\/div>\n\t\t<\/div>\n\t\t<p><span class=\"wpcf7-form-control-wrap kc_captcha\" data-name=\"kc_captcha\"><span class=\"wpcf7-form-control wpcf7-radio\"><span class=\"captcha-image\" ><span class=\"cf7ic_instructions\">Please prove you are human by selecting the<span> house<\/span>.<\/span><label><input aria-label=\"1\" type=\"radio\" name=\"kc_captcha\" value=\"kc_human\" \/><svg aria-hidden=\"true\" role=\"img\" xmlns=\"http:\/\/www.w3.org\/2000\/svg\" viewbox=\"0 0 576 512\"><path fill=\"currentColor\" d=\"M488 313v143c0 13-11 24-24 24H348c-7 0-12-5-12-12V356c0-7-5-12-12-12h-72c-7 0-12 5-12 12v112c0 7-5 12-12 12H112c-13 0-24-11-24-24V313c0-4 2-7 4-10l188-154c5-4 11-4 16 0l188 154c2 3 4 6 4 10zm84-61l-84-69V44c0-6-5-12-12-12h-56c-7 0-12 6-12 12v73l-89-74a48 48 0 00-61 0L4 252c-5 4-5 12-1 17l25 31c5 5 12 5 17 1l235-193c5-4 11-4 16 0l235 193c5 5 13 4 17-1l25-31c4-6 4-13-1-17z\"\/><\/svg><\/label><label><input aria-label=\"2\" type=\"radio\" name=\"kc_captcha\" value=\"bot\" \/><svg aria-hidden=\"true\" role=\"img\" xmlns=\"http:\/\/www.w3.org\/2000\/svg\" viewbox=\"0 0 384 512\"><path fill=\"currentColor\" d=\"M377 375l-83-87h34c21 0 32-25 17-40l-82-88h33c21 0 32-25 18-40L210 8c-10-11-26-11-36 0L70 120c-14 15-3 40 18 40h33l-82 88c-15 15-4 40 17 40h34L7 375c-15 16-4 41 17 41h120c0 33-11 49-34 68-12 9-5 28 10 28h144c15 0 22-19 10-28-20-16-34-32-34-68h120c21 0 32-25 17-41z\"\/><\/svg><\/label><label><input aria-label=\"3\" type=\"radio\" name=\"kc_captcha\" value=\"bot\" \/><svg aria-hidden=\"true\" role=\"img\" xmlns=\"http:\/\/www.w3.org\/2000\/svg\" viewbox=\"0 0 576 512\"><path fill=\"currentColor\" d=\"M472 200H360L256 6a12 12 0 00-10-6h-58c-8 0-14 7-12 15l34 185H100l-35-58a12 12 0 00-10-6H12c-8 0-13 7-12 14l21 106L0 362c-1 7 4 14 12 14h43c4 0 8-2 10-6l35-58h110l-34 185c-2 8 4 15 12 15h58a12 12 0 0010-6l104-194h112c57 0 104-25 104-56s-47-56-104-56z\"\/><\/svg><\/label>\r\n    <\/span>\r\n    <span style=\"display:none\">\r\n        <input type=\"text\" name=\"kc_honeypot\">\r\n    <\/span><\/span><\/span>\n\t\t<\/p>\n\t\t<div class=\"form-group\">\n\t\t\t<p><span class=\"wpcf7-form-control-wrap\" data-name=\"acceptance-751\"><span class=\"wpcf7-form-control wpcf7-acceptance optional\"><span class=\"wpcf7-list-item\"><label><input type=\"checkbox\" name=\"acceptance-751\" value=\"1\" aria-invalid=\"false\" \/><span class=\"wpcf7-list-item-label\">Acepto los t\u00e9rminos y condiciones del servicio<\/span><\/label><\/span><\/span><\/span>\n\t\t\t<\/p>\n\t\t<\/div>\n\t\t<div class=\"form-footer\">\n\t\t\t<p><input class=\"wpcf7-form-control wpcf7-submit has-spinner\" type=\"submit\" value=\"Enviar y solicitar valoraci\u00f3n gratuita\" \/>\n\t\t\t<\/p>\n\t\t<\/div>\n\t<\/div>\n<\/div><div class=\"wpcf7-response-output\" aria-hidden=\"true\"><\/div>\n<input type=\"hidden\" name=\"trp-form-language\" value=\"en\"\/><\/form>\n<\/div>\n<\/div><\/div><\/div><\/div>\n<\/section>","protected":false},"excerpt":{"rendered":"Publica tu propiedad con Iberica Vende tu propiedad con nosotros Rellena el formulario y te contactaremos en menos de 24 horas para una valoraci\u00f3n gratuita sin compromiso. 1. Datos de la Propiedad Direcci\u00f3n * Ciudad * Provincia C\u00f3digo postal A\u00f1o de construcci\u00f3n 2. Caracter\u00edsticas del Inmueble Tipo de propiedad * Selecciona tipo...ApartamentoCasa\/Villa\u00c1ticoAdosadoCasa de puebloParcela Superficie [...]","protected":false},"author":1,"featured_media":0,"parent":0,"menu_order":0,"comment_status":"closed","ping_status":"closed","template":"page_full-width.php","meta":{"footnotes":""},"class_list":["post-3706","page","type-page","status-publish","hentry"],"acf":[],"_links":{"self":[{"href":"https:\/\/ibericacoast.com\/en\/wp-json\/wp\/v2\/pages\/3706","targetHints":{"allow":["GET"]}}],"collection":[{"href":"https:\/\/ibericacoast.com\/en\/wp-json\/wp\/v2\/pages"}],"about":[{"href":"https:\/\/ibericacoast.com\/en\/wp-json\/wp\/v2\/types\/page"}],"author":[{"embeddable":true,"href":"https:\/\/ibericacoast.com\/en\/wp-json\/wp\/v2\/users\/1"}],"replies":[{"embeddable":true,"href":"https:\/\/ibericacoast.com\/en\/wp-json\/wp\/v2\/comments?post=3706"}],"version-history":[{"count":4,"href":"https:\/\/ibericacoast.com\/en\/wp-json\/wp\/v2\/pages\/3706\/revisions"}],"predecessor-version":[{"id":3711,"href":"https:\/\/ibericacoast.com\/en\/wp-json\/wp\/v2\/pages\/3706\/revisions\/3711"}],"wp:attachment":[{"href":"https:\/\/ibericacoast.com\/en\/wp-json\/wp\/v2\/media?parent=3706"}],"curies":[{"name":"wp","href":"https:\/\/api.w.org\/{rel}","templated":true}]}}