{"id":7683,"date":"2026-03-11T13:30:42","date_gmt":"2026-03-11T13:30:42","guid":{"rendered":"https:\/\/ibericacoast.com\/?page_id=7683"},"modified":"2026-03-11T13:30:42","modified_gmt":"2026-03-11T13:30:42","slug":"encuentra-tu-hogar-en-espana","status":"publish","type":"page","link":"https:\/\/ibericacoast.com\/en\/encuentra-tu-hogar-en-espana\/","title":{"rendered":"Encuentra tu hogar en Espa\u00f1a"},"content":{"rendered":"<section class=\"wpb-content-wrapper\"><div class=\"vc_row wpb_row vc_row-fluid\"><div class=\"wpb_column vc_column_container vc_col-sm-12\"><div class=\"vc_column-inner\"><div class=\"wpb_wrapper\">\n\t<div class=\"wpb_raw_code wpb_content_element wpb_raw_html\" >\n\t\t<div class=\"wpb_wrapper\">\n\t\t\t\n<div class=\"wpcf7 no-js\" id=\"wpcf7-f7682-o1\" lang=\"es-ES\" dir=\"ltr\" data-wpcf7-id=\"7682\">\n<div class=\"screen-reader-response\"><p role=\"status\" aria-live=\"polite\" aria-atomic=\"true\"><\/p> <ul><\/ul><\/div>\n<form action=\"\/en\/wp-json\/wp\/v2\/pages\/7683#wpcf7-f7682-o1\" method=\"post\" class=\"wpcf7-form init\" aria-label=\"Formulario de contacto\" novalidate=\"novalidate\" data-status=\"init\" data-trp-original-action=\"\/en\/wp-json\/wp\/v2\/pages\/7683#wpcf7-f7682-o1\">\n<fieldset class=\"hidden-fields-container\"><input type=\"hidden\" name=\"_wpcf7\" value=\"7682\" \/><input type=\"hidden\" name=\"_wpcf7_version\" value=\"6.1.5\" \/><input type=\"hidden\" name=\"_wpcf7_locale\" value=\"es_ES\" \/><input type=\"hidden\" name=\"_wpcf7_unit_tag\" value=\"wpcf7-f7682-o1\" \/><input type=\"hidden\" name=\"_wpcf7_container_post\" value=\"0\" \/><input type=\"hidden\" name=\"_wpcf7_posted_data_hash\" value=\"\" \/>\n<\/fieldset>\n<div class=\"iberica-form\">\n\n <!-- HEADER -->\n\t<div class=\"iberica-header\">\n\t\t<h2>Encuentra tu hogar en Espa\u00f1a\n\t\t<\/h2>\n\t\t<p>Rellena el formulario y prepararemos una oferta adaptada a tus necesidades.\n\t\t<\/p>\n\t<\/div>\n\t<div class=\"iberica-body\">\n\n <!-- SECCI\u00d3N 1: DATOS DE CONTACTO -->\n\t\t<h3 class=\"section-title\">1. Datos de Contacto\n\t\t<\/h3>\n\t\t<div class=\"form-grid-2\">\n\t\t\t<div class=\"form-group\">\n\t\t\t\t<p><label>Nombre y apellidos <span class=\"req\">*<\/span><\/label><br \/>\n<span class=\"wpcf7-form-control-wrap\" data-name=\"your-name\"><input size=\"40\" maxlength=\"400\" class=\"wpcf7-form-control wpcf7-text wpcf7-validates-as-required form-control\" aria-required=\"true\" aria-invalid=\"false\" placeholder=\"ej. Juan Garc\u00eda\" value=\"\" type=\"text\" name=\"your-name\" \/><\/span>\n\t\t\t\t<\/p>\n\t\t\t<\/div>\n\t\t\t<div class=\"form-group\">\n\t\t\t\t<p><label>Email <span class=\"req\">*<\/span><\/label><br \/>\n<span class=\"wpcf7-form-control-wrap\" data-name=\"your-email\"><input size=\"40\" maxlength=\"400\" class=\"wpcf7-form-control wpcf7-email wpcf7-validates-as-required wpcf7-text wpcf7-validates-as-email form-control\" aria-required=\"true\" aria-invalid=\"false\" placeholder=\"juan@ejemplo.es\" value=\"\" type=\"email\" name=\"your-email\" \/><\/span>\n\t\t\t\t<\/p>\n\t\t\t<\/div>\n\t\t<\/div>\n\t\t<div class=\"form-group\">\n\t\t\t<p><label>Tel\u00e9fono (con prefijo)<\/label><br \/>\n<span class=\"wpcf7-form-control-wrap\" data-name=\"your-phone\"><input size=\"40\" maxlength=\"400\" class=\"wpcf7-form-control wpcf7-tel wpcf7-text wpcf7-validates-as-tel form-control\" aria-invalid=\"false\" placeholder=\"+34 ...\" value=\"\" type=\"tel\" name=\"your-phone\" \/><\/span>\n\t\t\t<\/p>\n\t\t<\/div>\n\n <!-- SECCI\u00d3N 2: PLANES, PRESUPUESTO Y FINANZAS -->\n\t\t<h3 class=\"section-title\">2. Planes y Finanzas\n\t\t<\/h3>\n\t\t<div class=\"form-grid-2\">\n\t\t\t<div class=\"form-group\">\n\t\t\t\t<p><label>\u00bfEn qu\u00e9 plazo planeas comprar? <span class=\"req\">*<\/span><\/label><br \/>\n<span class=\"wpcf7-form-control-wrap\" data-name=\"timeline\"><select class=\"wpcf7-form-control wpcf7-select form-control\" aria-invalid=\"false\" name=\"timeline\"><option value=\"\">Selecciona un per\u00edodo...<\/option><option value=\"En menos de 3 meses\">En menos de 3 meses<\/option><option value=\"3-6 meses\">3-6 meses<\/option><option value=\"6-12 meses\">6-12 meses<\/option><option value=\"En m\u00e1s de un a\u00f1o\">En m\u00e1s de un a\u00f1o<\/option><option value=\"Solo estoy explorando\">Solo estoy explorando<\/option><\/select><\/span>\n\t\t\t\t<\/p>\n\t\t\t<\/div>\n\t\t\t<div class=\"form-group\">\n\t\t\t\t<p><label>Visita planificada (Viewing)<\/label><br \/>\n<span class=\"wpcf7-form-control-wrap\" data-name=\"viewing-date\"><input class=\"wpcf7-form-control wpcf7-date wpcf7-validates-as-date form-control\" aria-invalid=\"false\" value=\"\" type=\"date\" name=\"viewing-date\" \/><\/span>\n\t\t\t\t<\/p>\n\t\t\t<\/div>\n\t\t<\/div>\n\t\t<div class=\"form-grid-2\">\n\t\t\t<div class=\"form-group\">\n\t\t\t\t<p><label>Objetivo de compra <span class=\"req\">*<\/span><\/label><br \/>\n<span class=\"wpcf7-form-control-wrap\" data-name=\"purpose\"><select class=\"wpcf7-form-control wpcf7-select form-control\" aria-invalid=\"false\" name=\"purpose\"><option value=\"\">Indica el objetivo...<\/option><option value=\"Inversi\u00f3n (alquiler)\">Inversi\u00f3n (alquiler)<\/option><option value=\"Uso propio\">Uso propio<\/option><option value=\"Casa vacacional\">Casa vacacional<\/option><option value=\"Residencia permanente\">Residencia permanente<\/option><\/select><\/span>\n\t\t\t\t<\/p>\n\t\t\t<\/div>\n\t\t\t<div class=\"form-group\">\n\t\t\t\t<p><label>Presupuesto estimado (EUR) <span class=\"req\">*<\/span><\/label><br \/>\n<span class=\"wpcf7-form-control-wrap\" data-name=\"budget\"><select class=\"wpcf7-form-control wpcf7-select wpcf7-validates-as-required form-control\" aria-required=\"true\" aria-invalid=\"false\" name=\"budget\"><option value=\"\">Selecciona un rango...<\/option><option value=\"Hasta 100.000\">Hasta 100.000<\/option><option value=\"100.000 - 200.000\">100.000 - 200.000<\/option><option value=\"200.000 - 300.000\">200.000 - 300.000<\/option><option value=\"300.000 - 500.000\">300.000 - 500.000<\/option><option value=\"M\u00e1s de 500.000\">M\u00e1s de 500.000<\/option><\/select><\/span>\n\t\t\t\t<\/p>\n\t\t\t<\/div>\n\t\t<\/div>\n\n <!-- FINANCIACI\u00d3N -->\n\t\t<div class=\"form-group\" style=\"background: #f0f4f8; padding: 15px; border-radius: 6px; border-left: 3px solid #d9a441;\">\n\t\t\t<p><label class=\"bold-label\">Forma de financiaci\u00f3n prevista <span class=\"req\">*<\/span><\/label>\n\t\t\t<\/p>\n\t\t\t<div class=\"checkbox-grid three-cols\">\n\t\t\t\t<p><span class=\"wpcf7-form-control-wrap\" data-name=\"financing\"><span class=\"wpcf7-form-control wpcf7-radio\"><span class=\"wpcf7-list-item first\"><label><input type=\"radio\" name=\"financing\" value=\"Al contado\" checked=\"checked\" \/><span class=\"wpcf7-list-item-label\">Al contado<\/span><\/label><\/span><span class=\"wpcf7-list-item\"><label><input type=\"radio\" name=\"financing\" value=\"Hipoteca\" \/><span class=\"wpcf7-list-item-label\">Hipoteca<\/span><\/label><\/span><span class=\"wpcf7-list-item last\"><label><input type=\"radio\" name=\"financing\" value=\"Mixto (Contado + Hipoteca)\" \/><span class=\"wpcf7-list-item-label\">Mixto (Contado + Hipoteca)<\/span><\/label><\/span><\/span><\/span>\n\t\t\t\t<\/p>\n\t\t\t<\/div>\n\t\t<\/div>\n\t\t<div class=\"form-grid-2\">\n\t\t\t<div class=\"form-group\">\n\t\t\t\t<p><label style=\"margin-bottom: 10px; display:block;\">\u00bfEs tu primera compra en Espa\u00f1a?<\/label><br \/>\n<span class=\"wpcf7-form-control-wrap\" data-name=\"first-purchase\"><span class=\"wpcf7-form-control wpcf7-radio\"><span class=\"wpcf7-list-item first\"><label><input type=\"radio\" name=\"first-purchase\" value=\"S\u00ed\" checked=\"checked\" \/><span class=\"wpcf7-list-item-label\">S\u00ed<\/span><\/label><\/span><span class=\"wpcf7-list-item last\"><label><input type=\"radio\" name=\"first-purchase\" value=\"No\" \/><span class=\"wpcf7-list-item-label\">No<\/span><\/label><\/span><\/span><\/span>\n\t\t\t\t<\/p>\n\t\t\t<\/div>\n\t\t\t<div class=\"form-group\">\n\t\t\t\t<p><label style=\"margin-bottom: 10px; display:block;\">\u00bfDispones ya de n\u00famero NIE?<\/label><br \/>\n<span class=\"wpcf7-form-control-wrap\" data-name=\"nie-status\"><span class=\"wpcf7-form-control wpcf7-radio\"><span class=\"wpcf7-list-item first\"><label><input type=\"radio\" name=\"nie-status\" value=\"S\u00ed\" \/><span class=\"wpcf7-list-item-label\">S\u00ed<\/span><\/label><\/span><span class=\"wpcf7-list-item\"><label><input type=\"radio\" name=\"nie-status\" value=\"No\" checked=\"checked\" \/><span class=\"wpcf7-list-item-label\">No<\/span><\/label><\/span><span class=\"wpcf7-list-item last\"><label><input type=\"radio\" name=\"nie-status\" value=\"En tr\u00e1mite\" \/><span class=\"wpcf7-list-item-label\">En tr\u00e1mite<\/span><\/label><\/span><\/span><\/span>\n\t\t\t\t<\/p>\n\t\t\t<\/div>\n\t\t<\/div>\n\n <!-- SECCI\u00d3N 3: PREFERENCIAS DE PROPIEDAD -->\n\t\t<h3 class=\"section-title\">3. Preferencias de Propiedad\n\t\t<\/h3>\n\t\t<div class=\"form-group\">\n\t\t\t<p><label>Tipo de mercado que te interesa:<\/label><br \/>\n<span class=\"wpcf7-form-control-wrap\" data-name=\"property-status\"><select class=\"wpcf7-form-control wpcf7-select form-control\" aria-invalid=\"false\" name=\"property-status\"><option value=\"Ambos mercados (Obra nueva y Segunda mano)\">Ambos mercados (Obra nueva y Segunda mano)<\/option><option value=\"Solo Obra Nueva (En construcci\u00f3n \/ Nuevas)\">Solo Obra Nueva (En construcci\u00f3n \/ Nuevas)<\/option><option value=\"Solo Segunda Mano (Listas para entrar)\">Solo Segunda Mano (Listas para entrar)<\/option><\/select><\/span>\n\t\t\t<\/p>\n\t\t<\/div>\n\t\t<div class=\"form-grid-2\">\n\t\t\t<div class=\"form-group\">\n\t\t\t\t<p><label>N\u00famero de dormitorios<\/label><br \/>\n<span class=\"wpcf7-form-control-wrap\" data-name=\"bedrooms\"><select class=\"wpcf7-form-control wpcf7-select form-control\" aria-invalid=\"false\" name=\"bedrooms\"><option value=\"\">Selecciona...<\/option><option value=\"1\">1<\/option><option value=\"2\">2<\/option><option value=\"3\">3<\/option><option value=\"4\">4<\/option><option value=\"5+\">5+<\/option><\/select><\/span>\n\t\t\t\t<\/p>\n\t\t\t<\/div>\n\t\t\t<div class=\"form-group\">\n\t\t\t\t<p><label>Distancia al mar<\/label><br \/>\n<span class=\"wpcf7-form-control-wrap\" data-name=\"sea-distance\"><select class=\"wpcf7-form-control wpcf7-select form-control\" aria-invalid=\"false\" name=\"sea-distance\"><option value=\"\">Selecciona...<\/option><option value=\"Primera l\u00ednea de playa\">Primera l\u00ednea de playa<\/option><option value=\"Hasta 500m\">Hasta 500m<\/option><option value=\"Hasta 2km\">Hasta 2km<\/option><option value=\"Indiferente\">Indiferente<\/option><\/select><\/span>\n\t\t\t\t<\/p>\n\t\t\t<\/div>\n\t\t<\/div>\n\t\t<div class=\"form-group\">\n\t\t\t<p><label>Localizaci\u00f3n preferida<\/label><br \/>\n<span class=\"wpcf7-form-control-wrap\" data-name=\"location\"><input size=\"40\" maxlength=\"400\" class=\"wpcf7-form-control wpcf7-text form-control\" aria-invalid=\"false\" placeholder=\"ej. Alicante, Torrevieja, Orihuela Costa\" value=\"\" type=\"text\" name=\"location\" \/><\/span>\n\t\t\t<\/p>\n\t\t<\/div>\n\t\t<div class=\"form-group bg-light\">\n\t\t\t<p><label class=\"bold-label\">Property type <span class=\"req\">*<\/span><\/label>\n\t\t\t<\/p>\n\t\t\t<div class=\"checkbox-grid\">\n\t\t\t\t<p><span class=\"wpcf7-form-control-wrap\" data-name=\"property-type\"><span class=\"wpcf7-form-control wpcf7-checkbox wpcf7-validates-as-required\"><span class=\"wpcf7-list-item first\"><label><input type=\"checkbox\" name=\"property-type[]\" value=\"Apartamento\" \/><span class=\"wpcf7-list-item-label\">Apartment<\/span><\/label><\/span><span class=\"wpcf7-list-item\"><label><input type=\"checkbox\" name=\"property-type[]\" value=\"Casa\/Villa\" \/><span class=\"wpcf7-list-item-label\">Casa\/Villa<\/span><\/label><\/span><span class=\"wpcf7-list-item\"><label><input type=\"checkbox\" name=\"property-type[]\" value=\"Adosado\" \/><span class=\"wpcf7-list-item-label\">Terraced House<\/span><\/label><\/span><span class=\"wpcf7-list-item last\"><label><input type=\"checkbox\" name=\"property-type[]\" value=\"Parcela\" \/><span class=\"wpcf7-list-item-label\">Plot<\/span><\/label><\/span><\/span><\/span>\n\t\t\t\t<\/p>\n\t\t\t<\/div>\n\t\t<\/div>\n\t\t<div class=\"form-group bg-light\">\n\t\t\t<p><label class=\"bold-label\">Equipamiento y extras<\/label>\n\t\t\t<\/p>\n\t\t\t<div class=\"checkbox-grid\">\n\t\t\t\t<p><span class=\"wpcf7-form-control-wrap\" data-name=\"amenities\"><span class=\"wpcf7-form-control wpcf7-checkbox\"><span class=\"wpcf7-list-item first\"><label><input type=\"checkbox\" name=\"amenities[]\" value=\"Jard\u00edn privado\" \/><span class=\"wpcf7-list-item-label\">Jard\u00edn privado<\/span><\/label><\/span><span class=\"wpcf7-list-item\"><label><input type=\"checkbox\" name=\"amenities[]\" value=\"Terraza\/Balc\u00f3n\" \/><span class=\"wpcf7-list-item-label\">Terraza\/Balc\u00f3n<\/span><\/label><\/span><span class=\"wpcf7-list-item\"><label><input type=\"checkbox\" name=\"amenities[]\" value=\"Piscina comunitaria\" \/><span class=\"wpcf7-list-item-label\">Piscina comunitaria<\/span><\/label><\/span><span class=\"wpcf7-list-item\"><label><input type=\"checkbox\" name=\"amenities[]\" value=\"Piscina privada\" \/><span class=\"wpcf7-list-item-label\">Piscina privada<\/span><\/label><\/span><span class=\"wpcf7-list-item\"><label><input type=\"checkbox\" name=\"amenities[]\" value=\"Parking\/Garaje\" \/><span class=\"wpcf7-list-item-label\">Parking\/Garaje<\/span><\/label><\/span><span class=\"wpcf7-list-item\"><label><input type=\"checkbox\" name=\"amenities[]\" value=\"Cerca de la playa\" \/><span class=\"wpcf7-list-item-label\">Cerca de la playa<\/span><\/label><\/span><span class=\"wpcf7-list-item last\"><label><input type=\"checkbox\" name=\"amenities[]\" value=\"Vistas al mar\" \/><span class=\"wpcf7-list-item-label\">Vistas al mar<\/span><\/label><\/span><\/span><\/span>\n\t\t\t\t<\/p>\n\t\t\t<\/div>\n\t\t<\/div>\n\n <!-- SECCI\u00d3N 4: INFORMACI\u00d3N ADICIONAL -->\n\t\t<h3 class=\"section-title\">4. Informaci\u00f3n Adicional\n\t\t<\/h3>\n\t\t<div class=\"form-group\">\n\t\t\t<p><label class=\"bold-label\">\u00bfEn qu\u00e9 m\u00e1s podemos ayudarte?<\/label>\n\t\t\t<\/p>\n\t\t\t<div class=\"checkbox-grid three-cols\">\n\t\t\t\t<p><span class=\"wpcf7-form-control-wrap\" data-name=\"assistance\"><span class=\"wpcf7-form-control wpcf7-checkbox\"><span class=\"wpcf7-list-item first\"><label><input type=\"checkbox\" name=\"assistance[]\" value=\"Financiaci\u00f3n\/Hipoteca\" \/><span class=\"wpcf7-list-item-label\">Financiaci\u00f3n\/Hipoteca<\/span><\/label><\/span><span class=\"wpcf7-list-item\"><label><input type=\"checkbox\" name=\"assistance[]\" value=\"NIE \/ Abogado\" \/><span class=\"wpcf7-list-item-label\">NIE \/ Abogado<\/span><\/label><\/span><span class=\"wpcf7-list-item\"><label><input type=\"checkbox\" name=\"assistance[]\" value=\"Organizaci\u00f3n de visita\" \/><span class=\"wpcf7-list-item-label\">Organizaci\u00f3n de visita<\/span><\/label><\/span><span class=\"wpcf7-list-item\"><label><input type=\"checkbox\" name=\"assistance[]\" value=\"Gesti\u00f3n del alquiler\" \/><span class=\"wpcf7-list-item-label\">Gesti\u00f3n del alquiler<\/span><\/label><\/span><span class=\"wpcf7-list-item last\"><label><input type=\"checkbox\" name=\"assistance[]\" value=\"Alquiler vacacional\" \/><span class=\"wpcf7-list-item-label\">Alquiler vacacional<\/span><\/label><\/span><\/span><\/span>\n\t\t\t\t<\/p>\n\t\t\t<\/div>\n\t\t<\/div>\n\t\t<div class=\"form-group\">\n\t\t\t<p><label>Preguntas adicionales \/ Describe tu propiedad ideal<\/label><br \/>\n<span class=\"wpcf7-form-control-wrap\" data-name=\"your-message\"><textarea cols=\"40\" rows=\"4\" maxlength=\"2000\" class=\"wpcf7-form-control wpcf7-textarea form-control\" aria-invalid=\"false\" placeholder=\"Cu\u00e9ntanos m\u00e1s sobre lo que est\u00e1s buscando...\" name=\"your-message\"><\/textarea><\/span>\n\t\t\t<\/p>\n\t\t<\/div>\n\t\t<div class=\"form-group\">\n\t\t\t<p><span class=\"wpcf7-form-control-wrap\" data-name=\"acceptance-904\"><span class=\"wpcf7-form-control wpcf7-acceptance optional\"><span class=\"wpcf7-list-item\"><label><input type=\"checkbox\" name=\"acceptance-904\" value=\"1\" aria-invalid=\"false\" \/><span class=\"wpcf7-list-item-label\">Acepto los t\u00e9rminos y condiciones del servicio<\/span><\/label><\/span><\/span><\/span>\n\t\t\t<\/p>\n\t\t<\/div>\n\t\t<div class=\"form-footer\">\n\t\t\t<p><input class=\"wpcf7-form-control wpcf7-submit has-spinner\" type=\"submit\" value=\"Enviar consulta y recibir oferta\" \/>\n\t\t\t<\/p>\n\t\t<\/div>\n\t<\/div>\n<\/div><div class=\"wpcf7-response-output\" aria-hidden=\"true\"><\/div>\n<input type=\"hidden\" name=\"trp-form-language\" value=\"en\"\/><\/form>\n<\/div>\n\n\t\t<\/div>\n\t<\/div>\n<\/div><\/div><\/div><\/div>\n<\/section>","protected":false},"excerpt":{"rendered":"Encuentra tu hogar en Espa\u00f1a Rellena el formulario y prepararemos una oferta adaptada a tus necesidades. 1. Datos de Contacto Nombre y apellidos * Email * Tel\u00e9fono (con prefijo) 2. Planes y Finanzas \u00bfEn qu\u00e9 plazo planeas comprar? * Selecciona un per\u00edodo...En menos de 3 meses3-6 meses6-12 mesesEn m\u00e1s de un a\u00f1oSolo estoy explorando Visita [...]","protected":false},"author":1,"featured_media":0,"parent":0,"menu_order":0,"comment_status":"closed","ping_status":"closed","template":"page_full-width.php","meta":{"footnotes":""},"class_list":["post-7683","page","type-page","status-publish","hentry"],"acf":[],"_links":{"self":[{"href":"https:\/\/ibericacoast.com\/en\/wp-json\/wp\/v2\/pages\/7683","targetHints":{"allow":["GET"]}}],"collection":[{"href":"https:\/\/ibericacoast.com\/en\/wp-json\/wp\/v2\/pages"}],"about":[{"href":"https:\/\/ibericacoast.com\/en\/wp-json\/wp\/v2\/types\/page"}],"author":[{"embeddable":true,"href":"https:\/\/ibericacoast.com\/en\/wp-json\/wp\/v2\/users\/1"}],"replies":[{"embeddable":true,"href":"https:\/\/ibericacoast.com\/en\/wp-json\/wp\/v2\/comments?post=7683"}],"version-history":[{"count":1,"href":"https:\/\/ibericacoast.com\/en\/wp-json\/wp\/v2\/pages\/7683\/revisions"}],"predecessor-version":[{"id":7684,"href":"https:\/\/ibericacoast.com\/en\/wp-json\/wp\/v2\/pages\/7683\/revisions\/7684"}],"wp:attachment":[{"href":"https:\/\/ibericacoast.com\/en\/wp-json\/wp\/v2\/media?parent=7683"}],"curies":[{"name":"wp","href":"https:\/\/api.w.org\/{rel}","templated":true}]}}